{"id":2,"date":"2026-03-04T21:12:47","date_gmt":"2026-03-04T21:12:47","guid":{"rendered":"https:\/\/creandotucv.cl\/?page_id=2"},"modified":"2026-03-28T15:05:02","modified_gmt":"2026-03-28T15:05:02","slug":"sample-page","status":"publish","type":"page","link":"https:\/\/creandotucv.cl\/","title":{"rendered":"Inicio"},"content":{"rendered":"\n<h1>\n\t\t\tTransformamos tu curr\u00edculum, potenciamos tu futuro.\t<\/h1>\n\t<p>En <i>Creando tu CV<\/i> te ayudo a destacar con un curr\u00edculum optimizado para filtros ATS y reclutadores reales, basado en 6 a\u00f1os de experiencia en selecci\u00f3n de personal en Chile.<\/p>\n\t<p><em>Si no te est\u00e1n llamando, no es falta de experiencia. <\/em><em>Es c\u00f3mo la est\u00e1s mostrando<\/em>.<\/p>\n\t\t\t<a href=\"\"  target=\"_self\">\n\t\t\t\t\t\t\tHaz clic aqu\u00ed\n\t\t\t\t\t<\/a>\n<h2>\n\t\t\tHeading mauris blandit aliquet elit\t<\/h2>\n\t<p>Quisque velit nisi, pretium ut lacinia in, elementum id enim. Curabitur non nulla sit amet nisl tempus convallis quis ac lectus. Proin eget tortor risus.<\/p>\n<figure itemscope itemtype=\"https:\/\/schema.org\/ImageObject\">\n\t\t\t\t<img decoding=\"async\" src=\"https:\/\/lite.demos.wpbeaverbuilder.com\/wp-content\/uploads\/sites\/28\/2020\/02\/field-notes-768x768-1.jpg\" alt=\"\" onerror=\"this.style.display='none'\" loading=\"lazy\" \/>\n\t<\/figure>\n\t<p>Quisque velit nisi, pretium ut lacinia in, elementum id enim.<\/p>\n<p><a href=\"#\">Learn more<\/a><\/p>\n<figure itemscope itemtype=\"https:\/\/schema.org\/ImageObject\">\n\t\t\t\t<img decoding=\"async\" src=\"https:\/\/lite.demos.wpbeaverbuilder.com\/wp-content\/uploads\/sites\/28\/2020\/02\/headway-5QgIuuBxKwM-unsplash-768x768-1.jpg\" alt=\"\" onerror=\"this.style.display='none'\" loading=\"lazy\" \/>\n\t<\/figure>\n\t<p>Quisque velit nisi, pretium ut lacinia in, elementum id enim.<\/p>\n<p><a href=\"#\">Learn more<\/a><\/p>\n<figure itemscope itemtype=\"https:\/\/schema.org\/ImageObject\">\n\t\t\t\t<img decoding=\"async\" src=\"https:\/\/lite.demos.wpbeaverbuilder.com\/wp-content\/uploads\/sites\/28\/2020\/02\/photo-1529119368496-2dfda6ec2804-768x768-1.jpg\" alt=\"\" onerror=\"this.style.display='none'\" loading=\"lazy\" \/>\n\t<\/figure>\n\t<p>Quisque velit nisi, pretium ut lacinia in, elementum id enim.<\/p>\n<p><a href=\"#\">Learn more<\/a><\/p>\n<h2>\n\t\t\tOptimizaci\u00f3n de portales de trabajo\t<\/h2>\n\t<p>Me encargo de mejorar tu perfil en plataformas como:<\/p>\n<ul>\n<li aria-level=\"1\">Computrabajo<br \/>\n<\/li>\n<li aria-level=\"1\">Laborum<\/li>\n<li aria-level=\"1\">Trabajando.cl<\/li>\n<\/ul>\n\t\t\t<a href=\"\"  target=\"_self\">\n\t\t\t\t\t\t\tPrimary button\n\t\t\t<\/a>\n<figure itemscope itemtype=\"https:\/\/schema.org\/ImageObject\">\n\t\t\t\t<img decoding=\"async\" src=\"https:\/\/lite.demos.wpbeaverbuilder.com\/wp-content\/uploads\/sites\/28\/2020\/02\/office.jpg\" alt=\"\" onerror=\"this.style.display='none'\" loading=\"lazy\" \/>\n\t<\/figure>\n<h2>\n\t\t\tHeading about company\t<\/h2>\n\t<p>Quisque commodo id mi non porttitor. Aenean sapien eros, commodo in lectus eu, auctor pretium diam. Mauris non orci quis est hendrerit laoreet id eget purus. Vivamus id ex non urna pulvinar consequat. Convallis a pellentesque nec, egestas non nisi.<\/p>\n\t\t\t<a href=\"\"  target=\"_self\">\n\t\t\t\t\t\t\tLearn more\n\t\t\t<\/a>\n<h2>\n\t\t\tTestimonials\t<\/h2>\n\t<p>Vivamus magna justo, lacinia eget consectetur sed, convallis at tellus. Praesent sapien massa, convallis a pellentesque nec, egestas non nisi. Curabitur aliquet quam id dui posuere blandit Cras ultricies ligula sed magna dictum porta.<\/p>\n<figure itemscope itemtype=\"https:\/\/schema.org\/ImageObject\">\n\t\t\t\t<img decoding=\"async\" src=\"https:\/\/lite.demos.wpbeaverbuilder.com\/wp-content\/uploads\/sites\/28\/2020\/02\/photo-1558403194-611308249627-1-768x768-4.jpg\" alt=\"\" onerror=\"this.style.display='none'\" loading=\"lazy\" \/>\n\t<\/figure>\n\t<p><strong>Vivamus magna<br \/><\/strong>Lacinia eget<\/p>\n\t<p>Vivamus magna justo, lacinia eget consectetur sed, convallis at tellus. Praesent sapien massa, convallis a pellentesque nec, egestas non nisi. Curabitur aliquet quam id dui posuere blandit Cras ultricies ligula sed magna dictum porta.<\/p>\n<figure itemscope itemtype=\"https:\/\/schema.org\/ImageObject\">\n\t\t\t\t<img decoding=\"async\" src=\"https:\/\/lite.demos.wpbeaverbuilder.com\/wp-content\/uploads\/sites\/28\/2020\/02\/photo-1552664730-d307ca884978-768x768-4.jpg\" alt=\"\" onerror=\"this.style.display='none'\" loading=\"lazy\" \/>\n\t<\/figure>\n\t<p><strong>Vivamus magna<br \/><\/strong>Lacinia eget<\/p>\n<figure itemscope itemtype=\"https:\/\/schema.org\/ImageObject\">\n\t\t\t\t<img decoding=\"async\" src=\"https:\/\/lite.demos.wpbeaverbuilder.com\/wp-content\/uploads\/sites\/28\/2020\/02\/logo-mountain-dams.png\" alt=\"\" onerror=\"this.style.display='none'\" loading=\"lazy\" \/>\n\t<\/figure>\n<figure itemscope itemtype=\"https:\/\/schema.org\/ImageObject\">\n\t\t\t\t<img decoding=\"async\" src=\"https:\/\/lite.demos.wpbeaverbuilder.com\/wp-content\/uploads\/sites\/28\/2020\/02\/logo-jett-3.png\" alt=\"\" onerror=\"this.style.display='none'\" loading=\"lazy\" \/>\n\t<\/figure>\n<figure itemscope itemtype=\"https:\/\/schema.org\/ImageObject\">\n\t\t\t\t<img decoding=\"async\" src=\"https:\/\/lite.demos.wpbeaverbuilder.com\/wp-content\/uploads\/sites\/28\/2020\/02\/logo-youngs-coffee-1.png\" alt=\"\" onerror=\"this.style.display='none'\" loading=\"lazy\" \/>\n\t<\/figure>\n<figure itemscope itemtype=\"https:\/\/schema.org\/ImageObject\">\n\t\t\t\t<img decoding=\"async\" src=\"https:\/\/lite.demos.wpbeaverbuilder.com\/wp-content\/uploads\/sites\/28\/2020\/02\/logo-travel-7.png\" alt=\"\" onerror=\"this.style.display='none'\" loading=\"lazy\" \/>\n\t<\/figure>\n<figure itemscope itemtype=\"https:\/\/schema.org\/ImageObject\">\n\t\t\t\t<img decoding=\"async\" src=\"https:\/\/lite.demos.wpbeaverbuilder.com\/wp-content\/uploads\/sites\/28\/2020\/02\/logo-justin-3.png\" alt=\"\" onerror=\"this.style.display='none'\" loading=\"lazy\" \/>\n\t<\/figure>\n<figure itemscope itemtype=\"https:\/\/schema.org\/ImageObject\">\n\t\t\t\t<img decoding=\"async\" src=\"https:\/\/lite.demos.wpbeaverbuilder.com\/wp-content\/uploads\/sites\/28\/2020\/02\/logo-atr.png\" alt=\"\" onerror=\"this.style.display='none'\" loading=\"lazy\" \/>\n\t<\/figure>\n<h2>\n\t\t\tNeed help? Book a call at a time to suit you\t<\/h2>\n\t<p>Quisque velit nisi, pretium ut lacinia in, elementum id enim. Curabitur non nulla sit amet nisl tempus convallis quis ac lectus. Proin eget tortor risus.<\/p>\n\t\t\t<a href=\"\"  target=\"_self\">\n\t\t\t\t\t\t\tBook an appointment\n\t\t\t<\/a>\n\n","protected":false},"excerpt":{"rendered":"<p>Transformamos tu curr\u00edculum, potenciamos tu futuro. En Creando tu CV te ayudo a destacar con un curr\u00edculum optimizado para filtros [&hellip;]<\/p>\n","protected":false},"author":1,"featured_media":0,"parent":0,"menu_order":0,"comment_status":"closed","ping_status":"open","template":"","meta":{"site-sidebar-layout":"default","site-content-layout":"","ast-site-content-layout":"full-width-container","site-content-style":"unboxed","site-sidebar-style":"default","ast-global-header-display":"","ast-banner-title-visibility":"","ast-main-header-display":"","ast-hfb-above-header-display":"","ast-hfb-below-header-display":"","ast-hfb-mobile-header-display":"","site-post-title":"disabled","ast-breadcrumbs-content":"","ast-featured-img":"","footer-sml-layout":"","ast-disable-related-posts":"","theme-transparent-header-meta":"","adv-header-id-meta":"","stick-header-meta":"","header-above-stick-meta":"","header-main-stick-meta":"","header-below-stick-meta":"","astra-migrate-meta-layouts":"default","ast-page-background-enabled":"default","ast-page-background-meta":{"desktop":{"background-color":"var(--ast-global-color-5)","background-image":"","background-repeat":"repeat","background-position":"center center","background-size":"auto","background-attachment":"scroll","background-type":"","background-media":"","overlay-type":"","overlay-color":"","overlay-opacity":"","overlay-gradient":""},"tablet":{"background-color":"","background-image":"","background-repeat":"repeat","background-position":"center center","background-size":"auto","background-attachment":"scroll","background-type":"","background-media":"","overlay-type":"","overlay-color":"","overlay-opacity":"","overlay-gradient":""},"mobile":{"background-color":"","background-image":"","background-repeat":"repeat","background-position":"center center","background-size":"auto","background-attachment":"scroll","background-type":"","background-media":"","overlay-type":"","overlay-color":"","overlay-opacity":"","overlay-gradient":""}},"ast-content-background-meta":{"desktop":{"background-color":"var(--ast-global-color-4)","background-image":"","background-repeat":"repeat","background-position":"center center","background-size":"auto","background-attachment":"scroll","background-type":"","background-media":"","overlay-type":"","overlay-color":"","overlay-opacity":"","overlay-gradient":""},"tablet":{"background-color":"var(--ast-global-color-4)","background-image":"","background-repeat":"repeat","background-position":"center center","background-size":"auto","background-attachment":"scroll","background-type":"","background-media":"","overlay-type":"","overlay-color":"","overlay-opacity":"","overlay-gradient":""},"mobile":{"background-color":"var(--ast-global-color-4)","background-image":"","background-repeat":"repeat","background-position":"center center","background-size":"auto","background-attachment":"scroll","background-type":"","background-media":"","overlay-type":"","overlay-color":"","overlay-opacity":"","overlay-gradient":""}},"footnotes":""},"class_list":["post-2","page","type-page","status-publish","hentry"],"_links":{"self":[{"href":"https:\/\/creandotucv.cl\/index.php?rest_route=\/wp\/v2\/pages\/2","targetHints":{"allow":["GET"]}}],"collection":[{"href":"https:\/\/creandotucv.cl\/index.php?rest_route=\/wp\/v2\/pages"}],"about":[{"href":"https:\/\/creandotucv.cl\/index.php?rest_route=\/wp\/v2\/types\/page"}],"author":[{"embeddable":true,"href":"https:\/\/creandotucv.cl\/index.php?rest_route=\/wp\/v2\/users\/1"}],"replies":[{"embeddable":true,"href":"https:\/\/creandotucv.cl\/index.php?rest_route=%2Fwp%2Fv2%2Fcomments&post=2"}],"version-history":[{"count":9,"href":"https:\/\/creandotucv.cl\/index.php?rest_route=\/wp\/v2\/pages\/2\/revisions"}],"predecessor-version":[{"id":39,"href":"https:\/\/creandotucv.cl\/index.php?rest_route=\/wp\/v2\/pages\/2\/revisions\/39"}],"wp:attachment":[{"href":"https:\/\/creandotucv.cl\/index.php?rest_route=%2Fwp%2Fv2%2Fmedia&parent=2"}],"curies":[{"name":"wp","href":"https:\/\/api.w.org\/{rel}","templated":true}]}}